{"id":7,"date":"2016-07-05T10:39:55","date_gmt":"2016-07-05T10:39:55","guid":{"rendered":"http:\/\/bridge65.qodeinteractive.com\/?page_id=7"},"modified":"2024-06-14T01:58:29","modified_gmt":"2024-06-14T01:58:29","slug":"home","status":"publish","type":"page","link":"https:\/\/cloud-center.cl\/","title":{"rendered":"Home"},"content":{"rendered":"<div class=\"wpb-content-wrapper\"><p>[vc_row css_animation=\u00bb\u00bb row_type=\u00bbrow\u00bb use_row_as_full_screen_section=\u00bbno\u00bb type=\u00bbfull_width\u00bb angled_section=\u00bbno\u00bb text_align=\u00bbleft\u00bb background_image_as_pattern=\u00bbwithout_pattern\u00bb anchor=\u00bbhome\u00bb][vc_column][rev_slider_vc alias=\u00bbhome_slider\u00bb][\/vc_column][\/vc_row][vc_row css_animation=\u00bb\u00bb row_type=\u00bbrow\u00bb use_row_as_full_screen_section=\u00bbno\u00bb type=\u00bbgrid\u00bb angled_section=\u00bbno\u00bb text_align=\u00bbcenter\u00bb background_image_as_pattern=\u00bbwithout_pattern\u00bb anchor=\u00bbservicios\u00bb css=\u00bb.vc_custom_1718318799001{padding-top: 130px !important;padding-bottom: 61px !important;}\u00bb z_index=\u00bb\u00bb][vc_column width=\u00bb1\/2&#8243; offset=\u00bbvc_col-lg-3 vc_col-md-3&#8243;][vc_single_image image=\u00bb10&#8243; img_size=\u00bbfull\u00bb alignment=\u00bbcenter\u00bb qode_css_animation=\u00bb\u00bb][vc_empty_space height=\u00bb30px\u00bb][vc_column_text]<\/p>\n<h3>Server security<\/h3>\n<p>[\/vc_column_text][vc_empty_space height=\u00bb21px\u00bb][vc_column_text css=\u00bb\u00bb]Todos los servicios CLOUD se encuentran dentro de VLANs seguras y protegidas por firewall para proteger tus datos y los de tus clientes.[\/vc_column_text][vc_empty_space height=\u00bb60px\u00bb][\/vc_column][vc_column width=\u00bb1\/2&#8243; offset=\u00bbvc_col-lg-3 vc_col-md-3&#8243;][vc_single_image image=\u00bb11&#8243; img_size=\u00bbfull\u00bb alignment=\u00bbcenter\u00bb qode_css_animation=\u00bb\u00bb][vc_empty_space height=\u00bb30px\u00bb][vc_column_text]<\/p>\n<h3>Cloud computing<\/h3>\n<p>[\/vc_column_text][vc_empty_space height=\u00bb21px\u00bb][vc_column_text css=\u00bb\u00bb]Los planes CLOUD se alojan en servidores con total redundancia de Hardware, Red y Almacenamiento; lo que te asegura que tu Web nunca estar\u00e1 fuera de l\u00ednea por una falla de Hardware.[\/vc_column_text][vc_empty_space height=\u00bb60px\u00bb][\/vc_column][vc_column width=\u00bb1\/2&#8243; offset=\u00bbvc_col-lg-3 vc_col-md-3&#8243;][vc_single_image image=\u00bb12&#8243; img_size=\u00bbfull\u00bb alignment=\u00bbcenter\u00bb qode_css_animation=\u00bb\u00bb][vc_empty_space height=\u00bb30px\u00bb][vc_column_text]<\/p>\n<h3>Web optimization<\/h3>\n<p>[\/vc_column_text][vc_empty_space height=\u00bb21px\u00bb][vc_column_text css=\u00bb\u00bb]No sobre-vendemos el servicio! En tu Hosting CLOUD todos los recursos adquiridos son GARANTIZADOS, asegur\u00e1ndote un excelente rendimiento, por eso es un servicio privado para empresas y no masivo para personas.[\/vc_column_text][vc_empty_space height=\u00bb60px\u00bb][\/vc_column][vc_column width=\u00bb1\/2&#8243; offset=\u00bbvc_col-lg-3 vc_col-md-3&#8243;][vc_single_image image=\u00bb13&#8243; img_size=\u00bbfull\u00bb alignment=\u00bbcenter\u00bb qode_css_animation=\u00bb\u00bb][vc_empty_space height=\u00bb30px\u00bb][vc_column_text]<\/p>\n<h3>Money saving<\/h3>\n<p>[\/vc_column_text][vc_empty_space height=\u00bb21px\u00bb][vc_column_text css=\u00bb\u00bb]Utiliza solo los recursos que necesitas y crece cuando tu proyecto lo requiera. Ahorra en mantenimiento alojando tus webs en un servicio redundante escalable que te permita crecer.[\/vc_column_text][vc_empty_space height=\u00bb60px\u00bb][\/vc_column][\/vc_row][vc_row css_animation=\u00bb\u00bb row_type=\u00bbrow\u00bb use_row_as_full_screen_section=\u00bbno\u00bb type=\u00bbgrid\u00bb angled_section=\u00bbno\u00bb text_align=\u00bbleft\u00bb background_image_as_pattern=\u00bbwithout_pattern\u00bb css=\u00bb.vc_custom_1467718425311{padding-top: 125px !important;padding-bottom: 62px !important;background-color: #f7f7f7 !important;}\u00bb][vc_column css=\u00bb.vc_custom_1467717739032{padding-right: 7% !important;}\u00bb offset=\u00bbvc_col-lg-6 vc_col-md-6&#8243;][vc_column_text css=\u00bb\u00bb]<\/p>\n<h2>Web hosting con Alta Disponibilidad<\/h2>\n<p>[\/vc_column_text][vc_empty_space height=\u00bb31px\u00bb][vc_column_text css=\u00bb\u00bb]<\/p>\n<h4>Somos una empresa con el respaldo de Cloudnetwork SpA. con m\u00e1s de 14 a\u00f1os de experiencia en el sector tecnol\u00f3gico, somos una empresa l\u00edder en ofrecer soluciones innovadoras y servicios de tecnolog\u00eda que ayudan a las empresas a optimizar sus operaciones y a impulsar su crecimiento en la era digital.<\/h4>\n<h4>Fundada en 2010, Cloudnetwork ha evolucionado junto con la tecnolog\u00eda, adapt\u00e1ndose y liderando cambios significativos en el panorama tecnol\u00f3gico. Desde nuestros inicios, nos hemos comprometido a proporcionar servicios de alta calidad que satisfacen las necesidades cambiantes de nuestros clientes.<\/h4>\n<p>[\/vc_column_text][vc_empty_space height=\u00bb46px\u00bb][vc_empty_space height=\u00bb68px\u00bb][\/vc_column][vc_column offset=\u00bbvc_col-lg-6 vc_col-md-6&#8243;][vc_empty_space height=\u00bb5px\u00bb][vc_single_image image=\u00bb132&#8243; img_size=\u00bbfull\u00bb alignment=\u00bbcenter\u00bb css=\u00bb\u00bb qode_css_animation=\u00bb\u00bb][vc_empty_space height=\u00bb68px\u00bb][\/vc_column][\/vc_row][vc_row css_animation=\u00bb\u00bb row_type=\u00bbrow\u00bb use_row_as_full_screen_section=\u00bbno\u00bb type=\u00bbfull_width\u00bb angled_section=\u00bbno\u00bb text_align=\u00bbcenter\u00bb background_image_as_pattern=\u00bbwithout_pattern\u00bb][vc_column][qode_elements_holder number_of_columns=\u00bbone_column\u00bb][qode_elements_holder_item vertical_alignment=\u00bbtop\u00bb advanced_animations=\u00bbno\u00bb background_image=\u00bb33&#8243; item_padding=\u00bb126px 27% 25%\u00bb item_padding_1024_1280=\u00bb126px 15% 38%\u00bb item_padding_768_1024=\u00bb126px 15% 42%\u00bb item_padding_600_768=\u00bb126px 15% 54%\u00bb item_padding_480_600=\u00bb126px 7% 38%\u00bb item_padding_480=\u00bb106px 7% 38%\u00bb][vc_column_text css=\u00bb\u00bb]<\/p>\n<h2><span style=\"color: #ffffff;\">Soporte T\u00e9cnico 24\/7 en Espa\u00f1ol!<\/span><\/h2>\n<p>[\/vc_column_text][vc_empty_space height=\u00bb17px\u00bb][vc_column_text css=\u00bb\u00bb]<\/p>\n<h4><span style=\"color: #ffffff;\">ESTAMOS AQU\u00cd CUANDO NOS NECESITAS, EN TU IDIOMA Y EN TU HORARIO.<\/span><\/h4>\n<p>[\/vc_column_text][vc_empty_space height=\u00bb31px\u00bb]<a  itemprop=\"url\" href=\"#\" target=\"_self\" data-hover-background-color='#2cadb7' data-hover-color='#ffffff' class=\"qbutton  default\" style=\"color: #585858; background-color: #ffffff;\">Cont\u00e1ctanos<\/a>[\/qode_elements_holder_item][\/qode_elements_holder][\/vc_column][\/vc_row][vc_row css_animation=\u00bb\u00bb row_type=\u00bbrow\u00bb use_row_as_full_screen_section=\u00bbno\u00bb type=\u00bbgrid\u00bb angled_section=\u00bbno\u00bb text_align=\u00bbcenter\u00bb background_image_as_pattern=\u00bbwithout_pattern\u00bb anchor=\u00bbPlanes\u00bb css=\u00bb.vc_custom_1718318864796{padding-top: 117px !important;}\u00bb z_index=\u00bb\u00bb][vc_column offset=\u00bbvc_col-lg-offset-2 vc_col-lg-8 vc_col-md-offset-1 vc_col-md-10&#8243;][vc_column_text css=\u00bb\u00bb]<\/p>\n<h2>Elige tu plan de Hosting Web Empresa<\/h2>\n<p>[\/vc_column_text][vc_empty_space height=\u00bb31px\u00bb][vc_column_text css=\u00bb\u00bb]<\/p>\n<h4>Contamos con las \u00faltimas herramientas, software y plugins para que tu negocio escale r\u00e1pido y flexible.<\/h4>\n<p>[\/vc_column_text][\/vc_column][\/vc_row][vc_row css_animation=\u00bb\u00bb row_type=\u00bbrow\u00bb use_row_as_full_screen_section=\u00bbno\u00bb type=\u00bbgrid\u00bb angled_section=\u00bbno\u00bb text_align=\u00bbcenter\u00bb background_image_as_pattern=\u00bbwithout_pattern\u00bb css=\u00bb.vc_custom_1467724814997{padding-bottom: 130px !important;}\u00bb][vc_column][vc_empty_space height=\u00bb92px\u00bb][qode_pricing_tables columns=\u00bbfour_columns\u00bb][qode_pricing_table title=\u00bbPlan Empresas V1&#8243; title_tag_standard=\u00bbh3&#8243; show_button=\u00bbyes\u00bb active=\u00bbno\u00bb currency=\u00bb$\u00bb button_text=\u00bbCont\u00e1ctanos\u00bb price_period=\u00bb.000&#8243; price=\u00bb89&#8243;]<\/p>\n<ul>\n<li>Precio con IVA<\/li>\n<li>Plan Anual<\/li>\n<li>2Gb Storage<\/li>\n<li>02 BD<\/li>\n<li>40Gb Bandwidth<\/li>\n<li>20 Emails<\/li>\n<li>200 Emails env\u00edos hora<\/li>\n<\/ul>\n<p>[\/qode_pricing_table][qode_pricing_table title=\u00bbPlan Empresas V2&#8243; title_tag_standard=\u00bb\u00bb show_button=\u00bbyes\u00bb target=\u00bb_self\u00bb button_size=\u00bbmedium\u00bb active=\u00bbyes\u00bb price=\u00bb175&#8243; currency=\u00bb$\u00bb price_period=\u00bb.000&#8243; link=\u00bb#\u00bb active_text=\u00bbPOPULAR\u00bb button_text=\u00bbCont\u00e1ctanos\u00bb]<\/p>\n<ul>\n<li>Precio con IVA<\/li>\n<li>Plan Anual<\/li>\n<li>4Gb Storage<\/li>\n<li>04 BD<\/li>\n<li>60Gb Bandwidth<\/li>\n<li>40 Emails<\/li>\n<li>300 Emails env\u00edos hora<\/li>\n<\/ul>\n<p>[\/qode_pricing_table][qode_pricing_table title=\u00bbPlan Empresas V3&#8243; title_tag_standard=\u00bb\u00bb show_button=\u00bbyes\u00bb target=\u00bb_self\u00bb button_size=\u00bbmedium\u00bb active=\u00bbno\u00bb price=\u00bb238&#8243; currency=\u00bb$\u00bb price_period=\u00bb.000&#8243; link=\u00bb#\u00bb button_text=\u00bbCont\u00e1ctanos\u00bb]<\/p>\n<ul>\n<li>Precio con IVA<\/li>\n<li>Plan Anual<\/li>\n<li>6Gb Storage<\/li>\n<li>06 BD<\/li>\n<li>80Gb Bandwidth<\/li>\n<li>60 Emails<\/li>\n<li>400 Emails env\u00edos hora<\/li>\n<\/ul>\n<p>[\/qode_pricing_table][qode_pricing_table title=\u00bbPlan Empresas V4&#8243; title_tag_standard=\u00bb\u00bb show_button=\u00bbyes\u00bb target=\u00bb_self\u00bb button_size=\u00bbmedium\u00bb active=\u00bbno\u00bb price=\u00bb250&#8243; currency=\u00bb$\u00bb price_period=\u00bb.000&#8243; link=\u00bb#\u00bb button_text=\u00bbCont\u00e1ctanos\u00bb]<\/p>\n<ul>\n<li>Precio con IVA<\/li>\n<li>Plan Anual<\/li>\n<li>10Gb Storage<\/li>\n<li>10 BD<\/li>\n<li>100Gb Bandwidth<\/li>\n<li>80 Emails<\/li>\n<li>500 Emails env\u00edos hora<\/li>\n<\/ul>\n<p>[\/qode_pricing_table][\/qode_pricing_tables][\/vc_column][\/vc_row][vc_row row_type=\u00bbparallax\u00bb parallax_content_width=\u00bbin_grid\u00bb text_align=\u00bbleft\u00bb full_screen_section_height=\u00bbno\u00bb background_image=\u00bb65&#8243;][vc_column][vc_empty_space height=\u00bb117px\u00bb][vc_empty_space height=\u00bb21px\u00bb][\/vc_column][\/vc_row][vc_row css_animation=\u00bb\u00bb row_type=\u00bbrow\u00bb use_row_as_full_screen_section=\u00bbno\u00bb type=\u00bbgrid\u00bb angled_section=\u00bbno\u00bb text_align=\u00bbcenter\u00bb background_image_as_pattern=\u00bbwithout_pattern\u00bb anchor=\u00bbSaaS\u00bb css=\u00bb.vc_custom_1718330306542{padding-top: 117px !important;background-color: #00808b !important;}\u00bb z_index=\u00bb\u00bb][vc_column offset=\u00bbvc_col-lg-offset-2 vc_col-lg-8 vc_col-md-offset-1 vc_col-md-10&#8243;][vc_column_text css=\u00bb\u00bb]<\/p>\n<h2><span style=\"color: #ffffff;\">Software como Servicio (SaaS)<\/span><\/h2>\n<p>[\/vc_column_text][vc_empty_space height=\u00bb31px\u00bb][vc_column_text css=\u00bb\u00bb]<\/p>\n<h4><span style=\"color: #ffffff;\">Ayudamos a las empresas a definir y ejecutar estrategias tecnol\u00f3gicas alineadas con sus objetivos de negocio basadas en la nube, que son accesibles desde cualquier lugar y dispositivo..<\/span><\/h4>\n<p>[\/vc_column_text][\/vc_column][\/vc_row][vc_row css_animation=\u00bb\u00bb row_type=\u00bbrow\u00bb use_row_as_full_screen_section=\u00bbno\u00bb type=\u00bbgrid\u00bb angled_section=\u00bbno\u00bb text_align=\u00bbcenter\u00bb background_image_as_pattern=\u00bbwithout_pattern\u00bb css=\u00bb.vc_custom_1718329764528{padding-top: 48px !important;padding-bottom: 130px !important;background-color: #00808b !important;}\u00bb z_index=\u00bb\u00bb][vc_column][vc_single_image image=\u00bb135&#8243; img_size=\u00bbfull\u00bb alignment=\u00bbcenter\u00bb css=\u00bb\u00bb qode_css_animation=\u00bb\u00bb][\/vc_column][\/vc_row][vc_row css_animation=\u00bb\u00bb row_type=\u00bbrow\u00bb use_row_as_full_screen_section=\u00bbno\u00bb type=\u00bbfull_width\u00bb angled_section=\u00bbno\u00bb text_align=\u00bbleft\u00bb background_image_as_pattern=\u00bbwithout_pattern\u00bb][vc_column]<div class=\"call_to_action simple\" style=\"background-color: #2cadb7;padding-top: 29px;padding-bottom: 29px;\"><div class=\"container_inner\"><div class=\"text_wrapper column1\"><div class=\"call_to_action_text  font_size_inherit font_weight_inherit letter_spacing_inherit\" style=\"font-size:20px;font-weight: 300;letter-spacing: 0px;\"><span style=\"color: #ffffff;\">Somos especialistas en servicios de outsourcing inform\u00e1ticos, desarrollamos proyectos a mediada de tus necesidades. la experiencia continua la creamos junto a nuestros clientes.<\/span><\/div><\/div><\/div><\/div>[\/vc_column][\/vc_row]<\/p>\n<\/div>","protected":false},"excerpt":{"rendered":"<p>[vc_row css_animation=\u00bb\u00bb row_type=\u00bbrow\u00bb use_row_as_full_screen_section=\u00bbno\u00bb type=\u00bbfull_width\u00bb angled_section=\u00bbno\u00bb text_align=\u00bbleft\u00bb background_image_as_pattern=\u00bbwithout_pattern\u00bb anchor=\u00bbhome\u00bb][vc_column][rev_slider_vc alias=\u00bbhome_slider\u00bb][\/vc_column][\/vc_row][vc_row css_animation=\u00bb\u00bb row_type=\u00bbrow\u00bb use_row_as_full_screen_section=\u00bbno\u00bb type=\u00bbgrid\u00bb angled_section=\u00bbno\u00bb text_align=\u00bbcenter\u00bb background_image_as_pattern=\u00bbwithout_pattern\u00bb anchor=\u00bbservicios\u00bb css=\u00bb.vc_custom_1718318799001{padding-top: 130px !important;padding-bottom: 61px !important;}\u00bb z_index=\u00bb\u00bb][vc_column width=\u00bb1\/2&#8243; offset=\u00bbvc_col-lg-3 vc_col-md-3&#8243;][vc_single_image image=\u00bb10&#8243; img_size=\u00bbfull\u00bb alignment=\u00bbcenter\u00bb qode_css_animation=\u00bb\u00bb][vc_empty_space height=\u00bb30px\u00bb][vc_column_text] Server security [\/vc_column_text][vc_empty_space height=\u00bb21px\u00bb][vc_column_text css=\u00bb\u00bb]Todos los servicios CLOUD se encuentran dentro de VLANs&#8230;<\/p>\n","protected":false},"author":1,"featured_media":0,"parent":0,"menu_order":0,"comment_status":"closed","ping_status":"closed","template":"full_width.php","meta":{"footnotes":""},"class_list":["post-7","page","type-page","status-publish","hentry"],"_links":{"self":[{"href":"https:\/\/cloud-center.cl\/index.php\/wp-json\/wp\/v2\/pages\/7","targetHints":{"allow":["GET"]}}],"collection":[{"href":"https:\/\/cloud-center.cl\/index.php\/wp-json\/wp\/v2\/pages"}],"about":[{"href":"https:\/\/cloud-center.cl\/index.php\/wp-json\/wp\/v2\/types\/page"}],"author":[{"embeddable":true,"href":"https:\/\/cloud-center.cl\/index.php\/wp-json\/wp\/v2\/users\/1"}],"replies":[{"embeddable":true,"href":"https:\/\/cloud-center.cl\/index.php\/wp-json\/wp\/v2\/comments?post=7"}],"version-history":[{"count":10,"href":"https:\/\/cloud-center.cl\/index.php\/wp-json\/wp\/v2\/pages\/7\/revisions"}],"predecessor-version":[{"id":137,"href":"https:\/\/cloud-center.cl\/index.php\/wp-json\/wp\/v2\/pages\/7\/revisions\/137"}],"wp:attachment":[{"href":"https:\/\/cloud-center.cl\/index.php\/wp-json\/wp\/v2\/media?parent=7"}],"curies":[{"name":"wp","href":"https:\/\/api.w.org\/{rel}","templated":true}]}}